{"id":1704,"date":"2024-04-30T15:39:36","date_gmt":"2024-04-30T18:39:36","guid":{"rendered":"https:\/\/blog.ferascor.com.br\/?page_id=1704"},"modified":"2024-07-08T17:00:26","modified_gmt":"2024-07-08T20:00:26","slug":"blog-ferascor-iframe-institucional","status":"publish","type":"page","link":"https:\/\/blog.ferascor.com.br\/?page_id=1704","title":{"rendered":"Blog FerasCOR IFrame Institucional"},"content":{"rendered":"\t\t<div data-elementor-type=\"wp-page\" data-elementor-id=\"1704\" class=\"elementor elementor-1704\">\n\t\t\t\t\t\t<section class=\"elementor-section elementor-top-section elementor-element elementor-element-6447ea0 elementor-section-boxed elementor-section-height-default elementor-section-height-default wpr-particle-no wpr-jarallax-no wpr-parallax-no wpr-sticky-section-no\" data-id=\"6447ea0\" data-element_type=\"section\">\n\t\t\t\t\t\t<div class=\"elementor-container elementor-column-gap-default\">\n\t\t\t\t\t<div class=\"elementor-column elementor-col-100 elementor-top-column elementor-element elementor-element-6b07717\" data-id=\"6b07717\" data-element_type=\"column\">\n\t\t\t<div class=\"elementor-widget-wrap elementor-element-populated\">\n\t\t\t\t\t\t<div class=\"elementor-element elementor-element-2cb4684 elementor-widget elementor-widget-html\" data-id=\"2cb4684\" data-element_type=\"widget\" data-widget_type=\"html.default\">\n\t\t\t\t<div class=\"elementor-widget-container\">\n\t\t\t\t\t<style>\n\/* width *\/\n::-webkit-scrollbar {\n  width: 5px;\n}\n\n\/* Track *\/\n::-webkit-scrollbar-track {\n  background: #fff; \n}\n \n\/* Handle *\/\n::-webkit-scrollbar-thumb {\n  background: #fff; \n}\n\n\/* Handle on hover *\/\n::-webkit-scrollbar-thumb:hover {\n  background: #fff; \n}\n\n#wpadminbar {\n  display: none!important;\n}\n\n#sfsi_floater {\n    display: none!important;\n}\n\n#return-to-top{\n    display: none!important;\n}\n<\/style>\t\t\t\t<\/div>\n\t\t\t\t<\/div>\n\t\t\t\t\t<\/div>\n\t\t<\/div>\n\t\t\t\t\t<\/div>\n\t\t<\/section>\n\t\t<div class=\"elementor-element elementor-element-2a809f9 e-flex e-con-boxed wpr-particle-no wpr-jarallax-no wpr-parallax-no wpr-sticky-section-no e-con e-parent\" data-id=\"2a809f9\" data-element_type=\"container\">\n\t\t\t\t\t<div class=\"e-con-inner\">\n\t\t\t\t<div class=\"elementor-element elementor-element-6c88838 elementor-widget elementor-widget-post_layouts\" data-id=\"6c88838\" data-element_type=\"widget\" data-widget_type=\"post_layouts.default\">\n\t\t\t\t<div class=\"elementor-widget-container\">\n\t\t\t\t\t<div class=\"row\"><div class=\"col-md-4 col-lg-3\"><div class=\"theimran-post-layout-one\"><div class=\"theimran-post-layout-one__thumbnail\">\t\t\t<a href=\"https:\/\/blog.ferascor.com.br\/?p=5940\"><img fetchpriority=\"high\" decoding=\"async\" width=\"1024\" height=\"768\" src=\"https:\/\/blog.ferascor.com.br\/wp-content\/uploads\/2024\/08\/planodesaude-6-24-rotated_ferascor.webp\" class=\"attachment-large size-large wp-post-image\" alt=\"\" srcset=\"https:\/\/blog.ferascor.com.br\/wp-content\/uploads\/2024\/08\/planodesaude-6-24-rotated_ferascor.webp 1024w, https:\/\/blog.ferascor.com.br\/wp-content\/uploads\/2024\/08\/planodesaude-6-24-rotated_ferascor-300x225.webp 300w, https:\/\/blog.ferascor.com.br\/wp-content\/uploads\/2024\/08\/planodesaude-6-24-rotated_ferascor-768x576.webp 768w, https:\/\/blog.ferascor.com.br\/wp-content\/uploads\/2024\/08\/planodesaude-6-24-rotated_ferascor-600x450.webp 600w, https:\/\/blog.ferascor.com.br\/wp-content\/uploads\/2024\/08\/planodesaude-6-24-rotated_ferascor-865x649.webp 865w\" sizes=\"(max-width: 1024px) 100vw, 1024px\" \/><\/a>\r\n\t\t\t\t\t\t<div class=\"theimran-post-layout-one__categories\">\r\n\t\t\t\t<span class=\"cat-links\"><a href=\"https:\/\/blog.ferascor.com.br\/?cat=79\" rel=\"category\">Principal<\/a><\/span>\t\t\t<\/div>\r\n\t\t\t<\/div><div class=\"theimran-post-layout-one__content-wrapper\">\t\t\t<div class=\"theimran-post-layout-one__title\">\r\n\t\t\t\t<h3><a href=\"https:\/\/blog.ferascor.com.br\/?p=5940\">Busca por seguro sa\u00fade cresce 9% em 2026<\/a><\/h3>\r\n\t\t\t<\/div>\r\n\t\t\t\t<div class=\"theimran-post-layout-one__blog-meta\">\r\n\t\t\t<ul>\r\n\t\t\t\t\t\t\t<\/ul>\r\n\t\t<\/div>\r\n\t\t<\/div><\/div><\/div><div class=\"col-md-4 col-lg-3\"><div class=\"theimran-post-layout-one\"><div class=\"theimran-post-layout-one__thumbnail\">\t\t\t<a href=\"https:\/\/blog.ferascor.com.br\/?p=5936\"><img decoding=\"async\" width=\"1024\" height=\"576\" src=\"https:\/\/blog.ferascor.com.br\/wp-content\/uploads\/2026\/04\/oncologia-01_ferascor-1024x576.jpg\" class=\"attachment-large size-large wp-post-image\" alt=\"\" srcset=\"https:\/\/blog.ferascor.com.br\/wp-content\/uploads\/2026\/04\/oncologia-01_ferascor-1024x576.jpg 1024w, https:\/\/blog.ferascor.com.br\/wp-content\/uploads\/2026\/04\/oncologia-01_ferascor-300x169.jpg 300w, https:\/\/blog.ferascor.com.br\/wp-content\/uploads\/2026\/04\/oncologia-01_ferascor-768x432.jpg 768w, https:\/\/blog.ferascor.com.br\/wp-content\/uploads\/2026\/04\/oncologia-01_ferascor-1536x864.jpg 1536w, https:\/\/blog.ferascor.com.br\/wp-content\/uploads\/2026\/04\/oncologia-01_ferascor-2048x1152.jpg 2048w, https:\/\/blog.ferascor.com.br\/wp-content\/uploads\/2026\/04\/oncologia-01_ferascor-600x338.jpg 600w, https:\/\/blog.ferascor.com.br\/wp-content\/uploads\/2026\/04\/oncologia-01_ferascor-1154x649.jpg 1154w\" sizes=\"(max-width: 1024px) 100vw, 1024px\" \/><\/a>\r\n\t\t\t\t\t\t<div class=\"theimran-post-layout-one__categories\">\r\n\t\t\t\t<span class=\"cat-links\"><a href=\"https:\/\/blog.ferascor.com.br\/?cat=14\" rel=\"category\">Destaques<\/a><\/span>\t\t\t<\/div>\r\n\t\t\t<\/div><div class=\"theimran-post-layout-one__content-wrapper\">\t\t\t<div class=\"theimran-post-layout-one__title\">\r\n\t\t\t\t<h3><a href=\"https:\/\/blog.ferascor.com.br\/?p=5936\">Unimed do Brasil amplia rede oncol\u00f3gica para usu\u00e1rios da Unimed Ferj<\/a><\/h3>\r\n\t\t\t<\/div>\r\n\t\t\t\t<div class=\"theimran-post-layout-one__blog-meta\">\r\n\t\t\t<ul>\r\n\t\t\t\t\t\t\t<\/ul>\r\n\t\t<\/div>\r\n\t\t<\/div><\/div><\/div><div class=\"col-md-4 col-lg-3\"><div class=\"theimran-post-layout-one\"><div class=\"theimran-post-layout-one__thumbnail\">\t\t\t<a href=\"https:\/\/blog.ferascor.com.br\/?p=5933\"><img decoding=\"async\" width=\"1024\" height=\"768\" src=\"https:\/\/blog.ferascor.com.br\/wp-content\/uploads\/2024\/12\/bradesco-logo_ferascor.webp\" class=\"attachment-large size-large wp-post-image\" alt=\"\" srcset=\"https:\/\/blog.ferascor.com.br\/wp-content\/uploads\/2024\/12\/bradesco-logo_ferascor.webp 1024w, https:\/\/blog.ferascor.com.br\/wp-content\/uploads\/2024\/12\/bradesco-logo_ferascor-300x225.webp 300w, https:\/\/blog.ferascor.com.br\/wp-content\/uploads\/2024\/12\/bradesco-logo_ferascor-768x576.webp 768w, https:\/\/blog.ferascor.com.br\/wp-content\/uploads\/2024\/12\/bradesco-logo_ferascor-600x450.webp 600w, https:\/\/blog.ferascor.com.br\/wp-content\/uploads\/2024\/12\/bradesco-logo_ferascor-865x649.webp 865w\" sizes=\"(max-width: 1024px) 100vw, 1024px\" \/><\/a>\r\n\t\t\t\t\t\t<div class=\"theimran-post-layout-one__categories\">\r\n\t\t\t\t<span class=\"cat-links\"><a href=\"https:\/\/blog.ferascor.com.br\/?cat=14\" rel=\"category\">Destaques<\/a><\/span>\t\t\t<\/div>\r\n\t\t\t<\/div><div class=\"theimran-post-layout-one__content-wrapper\">\t\t\t<div class=\"theimran-post-layout-one__title\">\r\n\t\t\t\t<h3><a href=\"https:\/\/blog.ferascor.com.br\/?p=5933\">Bradesco Sa\u00fade lan\u00e7a Efetivo Plus no Paran\u00e1<\/a><\/h3>\r\n\t\t\t<\/div>\r\n\t\t\t\t<div class=\"theimran-post-layout-one__blog-meta\">\r\n\t\t\t<ul>\r\n\t\t\t\t\t\t\t<\/ul>\r\n\t\t<\/div>\r\n\t\t<\/div><\/div><\/div><div class=\"col-md-4 col-lg-3\"><div class=\"theimran-post-layout-one\"><div class=\"theimran-post-layout-one__thumbnail\">\t\t\t<a href=\"https:\/\/blog.ferascor.com.br\/?p=5930\"><img loading=\"lazy\" decoding=\"async\" width=\"1024\" height=\"576\" src=\"https:\/\/blog.ferascor.com.br\/wp-content\/uploads\/2026\/04\/allcare-01_ferascor-1024x576.jpg\" class=\"attachment-large size-large wp-post-image\" alt=\"\" srcset=\"https:\/\/blog.ferascor.com.br\/wp-content\/uploads\/2026\/04\/allcare-01_ferascor-1024x576.jpg 1024w, https:\/\/blog.ferascor.com.br\/wp-content\/uploads\/2026\/04\/allcare-01_ferascor-300x169.jpg 300w, https:\/\/blog.ferascor.com.br\/wp-content\/uploads\/2026\/04\/allcare-01_ferascor-768x432.jpg 768w, https:\/\/blog.ferascor.com.br\/wp-content\/uploads\/2026\/04\/allcare-01_ferascor-1536x864.jpg 1536w, https:\/\/blog.ferascor.com.br\/wp-content\/uploads\/2026\/04\/allcare-01_ferascor-2048x1152.jpg 2048w, https:\/\/blog.ferascor.com.br\/wp-content\/uploads\/2026\/04\/allcare-01_ferascor-600x338.jpg 600w, https:\/\/blog.ferascor.com.br\/wp-content\/uploads\/2026\/04\/allcare-01_ferascor-1154x649.jpg 1154w\" sizes=\"(max-width: 1024px) 100vw, 1024px\" \/><\/a>\r\n\t\t\t\t\t\t<div class=\"theimran-post-layout-one__categories\">\r\n\t\t\t\t<span class=\"cat-links\"><a href=\"https:\/\/blog.ferascor.com.br\/?cat=14\" rel=\"category\">Destaques<\/a><\/span>\t\t\t<\/div>\r\n\t\t\t<\/div><div class=\"theimran-post-layout-one__content-wrapper\">\t\t\t<div class=\"theimran-post-layout-one__title\">\r\n\t\t\t\t<h3><a href=\"https:\/\/blog.ferascor.com.br\/?p=5930\">Allcare anuncia parceria com Humana Sa\u00fade Piau\u00ed<\/a><\/h3>\r\n\t\t\t<\/div>\r\n\t\t\t\t<div class=\"theimran-post-layout-one__blog-meta\">\r\n\t\t\t<ul>\r\n\t\t\t\t\t\t\t<\/ul>\r\n\t\t<\/div>\r\n\t\t<\/div><\/div><\/div><div class=\"col-md-4 col-lg-3\"><div class=\"theimran-post-layout-one\"><div class=\"theimran-post-layout-one__thumbnail\">\t\t\t<a href=\"https:\/\/blog.ferascor.com.br\/?p=5927\"><img loading=\"lazy\" decoding=\"async\" width=\"1024\" height=\"768\" src=\"https:\/\/blog.ferascor.com.br\/wp-content\/uploads\/2025\/08\/planos-saude-catarata_ferascor.webp\" class=\"attachment-large size-large wp-post-image\" alt=\"\" srcset=\"https:\/\/blog.ferascor.com.br\/wp-content\/uploads\/2025\/08\/planos-saude-catarata_ferascor.webp 1024w, https:\/\/blog.ferascor.com.br\/wp-content\/uploads\/2025\/08\/planos-saude-catarata_ferascor-300x225.webp 300w, https:\/\/blog.ferascor.com.br\/wp-content\/uploads\/2025\/08\/planos-saude-catarata_ferascor-768x576.webp 768w, https:\/\/blog.ferascor.com.br\/wp-content\/uploads\/2025\/08\/planos-saude-catarata_ferascor-600x450.webp 600w, https:\/\/blog.ferascor.com.br\/wp-content\/uploads\/2025\/08\/planos-saude-catarata_ferascor-865x649.webp 865w\" sizes=\"(max-width: 1024px) 100vw, 1024px\" \/><\/a>\r\n\t\t\t\t\t\t<div class=\"theimran-post-layout-one__categories\">\r\n\t\t\t\t<span class=\"cat-links\"><a href=\"https:\/\/blog.ferascor.com.br\/?cat=14\" rel=\"category\">Destaques<\/a><\/span>\t\t\t<\/div>\r\n\t\t\t<\/div><div class=\"theimran-post-layout-one__content-wrapper\">\t\t\t<div class=\"theimran-post-layout-one__title\">\r\n\t\t\t\t<h3><a href=\"https:\/\/blog.ferascor.com.br\/?p=5927\">Alta rotatividade e envelhecimento da carteira redefinem planos de sa\u00fade<\/a><\/h3>\r\n\t\t\t<\/div>\r\n\t\t\t\t<div class=\"theimran-post-layout-one__blog-meta\">\r\n\t\t\t<ul>\r\n\t\t\t\t\t\t\t<\/ul>\r\n\t\t<\/div>\r\n\t\t<\/div><\/div><\/div><div class=\"col-md-4 col-lg-3\"><div class=\"theimran-post-layout-one\"><div class=\"theimran-post-layout-one__thumbnail\">\t\t\t<a href=\"https:\/\/blog.ferascor.com.br\/?p=5924\"><img loading=\"lazy\" decoding=\"async\" width=\"1024\" height=\"576\" src=\"https:\/\/blog.ferascor.com.br\/wp-content\/uploads\/2026\/04\/sami-foguel-porto-saude-01_ferascor-1024x576.jpg\" class=\"attachment-large size-large wp-post-image\" alt=\"\" srcset=\"https:\/\/blog.ferascor.com.br\/wp-content\/uploads\/2026\/04\/sami-foguel-porto-saude-01_ferascor-1024x576.jpg 1024w, https:\/\/blog.ferascor.com.br\/wp-content\/uploads\/2026\/04\/sami-foguel-porto-saude-01_ferascor-300x169.jpg 300w, https:\/\/blog.ferascor.com.br\/wp-content\/uploads\/2026\/04\/sami-foguel-porto-saude-01_ferascor-768x432.jpg 768w, https:\/\/blog.ferascor.com.br\/wp-content\/uploads\/2026\/04\/sami-foguel-porto-saude-01_ferascor-1536x864.jpg 1536w, https:\/\/blog.ferascor.com.br\/wp-content\/uploads\/2026\/04\/sami-foguel-porto-saude-01_ferascor-2048x1152.jpg 2048w, https:\/\/blog.ferascor.com.br\/wp-content\/uploads\/2026\/04\/sami-foguel-porto-saude-01_ferascor-600x338.jpg 600w, https:\/\/blog.ferascor.com.br\/wp-content\/uploads\/2026\/04\/sami-foguel-porto-saude-01_ferascor-1154x649.jpg 1154w\" sizes=\"(max-width: 1024px) 100vw, 1024px\" \/><\/a>\r\n\t\t\t\t\t\t<div class=\"theimran-post-layout-one__categories\">\r\n\t\t\t\t<span class=\"cat-links\"><a href=\"https:\/\/blog.ferascor.com.br\/?cat=14\" rel=\"category\">Destaques<\/a><\/span>\t\t\t<\/div>\r\n\t\t\t<\/div><div class=\"theimran-post-layout-one__content-wrapper\">\t\t\t<div class=\"theimran-post-layout-one__title\">\r\n\t\t\t\t<h3><a href=\"https:\/\/blog.ferascor.com.br\/?p=5924\">Porto Sa\u00fade expande Linha Pro para Piracicaba<\/a><\/h3>\r\n\t\t\t<\/div>\r\n\t\t\t\t<div class=\"theimran-post-layout-one__blog-meta\">\r\n\t\t\t<ul>\r\n\t\t\t\t\t\t\t<\/ul>\r\n\t\t<\/div>\r\n\t\t<\/div><\/div><\/div><div class=\"col-md-4 col-lg-3\"><div class=\"theimran-post-layout-one\"><div class=\"theimran-post-layout-one__thumbnail\">\t\t\t<a href=\"https:\/\/blog.ferascor.com.br\/?p=5918\"><img loading=\"lazy\" decoding=\"async\" width=\"1024\" height=\"576\" src=\"https:\/\/blog.ferascor.com.br\/wp-content\/uploads\/2026\/04\/wadih-01_ferascor-1024x576.jpg\" class=\"attachment-large size-large wp-post-image\" alt=\"\" srcset=\"https:\/\/blog.ferascor.com.br\/wp-content\/uploads\/2026\/04\/wadih-01_ferascor-1024x576.jpg 1024w, https:\/\/blog.ferascor.com.br\/wp-content\/uploads\/2026\/04\/wadih-01_ferascor-300x169.jpg 300w, https:\/\/blog.ferascor.com.br\/wp-content\/uploads\/2026\/04\/wadih-01_ferascor-768x432.jpg 768w, https:\/\/blog.ferascor.com.br\/wp-content\/uploads\/2026\/04\/wadih-01_ferascor-1536x864.jpg 1536w, https:\/\/blog.ferascor.com.br\/wp-content\/uploads\/2026\/04\/wadih-01_ferascor-2048x1152.jpg 2048w, https:\/\/blog.ferascor.com.br\/wp-content\/uploads\/2026\/04\/wadih-01_ferascor-600x338.jpg 600w, https:\/\/blog.ferascor.com.br\/wp-content\/uploads\/2026\/04\/wadih-01_ferascor-1154x649.jpg 1154w\" sizes=\"(max-width: 1024px) 100vw, 1024px\" \/><\/a>\r\n\t\t\t\t\t\t<div class=\"theimran-post-layout-one__categories\">\r\n\t\t\t\t<span class=\"cat-links\"><a href=\"https:\/\/blog.ferascor.com.br\/?cat=14\" rel=\"category\">Destaques<\/a><\/span>\t\t\t<\/div>\r\n\t\t\t<\/div><div class=\"theimran-post-layout-one__content-wrapper\">\t\t\t<div class=\"theimran-post-layout-one__title\">\r\n\t\t\t\t<h3><a href=\"https:\/\/blog.ferascor.com.br\/?p=5918\">Diretor-presidente da ANS defende mudan\u00e7a estrutural na sa\u00fade suplementar<\/a><\/h3>\r\n\t\t\t<\/div>\r\n\t\t\t\t<div class=\"theimran-post-layout-one__blog-meta\">\r\n\t\t\t<ul>\r\n\t\t\t\t\t\t\t<\/ul>\r\n\t\t<\/div>\r\n\t\t<\/div><\/div><\/div><div class=\"col-md-4 col-lg-3\"><div class=\"theimran-post-layout-one\"><div class=\"theimran-post-layout-one__thumbnail\">\t\t\t<a href=\"https:\/\/blog.ferascor.com.br\/?p=5916\"><img loading=\"lazy\" decoding=\"async\" width=\"1024\" height=\"768\" src=\"https:\/\/blog.ferascor.com.br\/wp-content\/uploads\/2024\/09\/planos-odonto_ferascor.webp\" class=\"attachment-large size-large wp-post-image\" alt=\"\" srcset=\"https:\/\/blog.ferascor.com.br\/wp-content\/uploads\/2024\/09\/planos-odonto_ferascor.webp 1024w, https:\/\/blog.ferascor.com.br\/wp-content\/uploads\/2024\/09\/planos-odonto_ferascor-300x225.webp 300w, https:\/\/blog.ferascor.com.br\/wp-content\/uploads\/2024\/09\/planos-odonto_ferascor-768x576.webp 768w, https:\/\/blog.ferascor.com.br\/wp-content\/uploads\/2024\/09\/planos-odonto_ferascor-600x450.webp 600w, https:\/\/blog.ferascor.com.br\/wp-content\/uploads\/2024\/09\/planos-odonto_ferascor-865x649.webp 865w\" sizes=\"(max-width: 1024px) 100vw, 1024px\" \/><\/a>\r\n\t\t\t\t\t\t<div class=\"theimran-post-layout-one__categories\">\r\n\t\t\t\t<span class=\"cat-links\"><a href=\"https:\/\/blog.ferascor.com.br\/?cat=14\" rel=\"category\">Destaques<\/a><\/span>\t\t\t<\/div>\r\n\t\t\t<\/div><div class=\"theimran-post-layout-one__content-wrapper\">\t\t\t<div class=\"theimran-post-layout-one__title\">\r\n\t\t\t\t<h3><a href=\"https:\/\/blog.ferascor.com.br\/?p=5916\">Planos odontol\u00f3gicos crescem 8,3% no Brasil<\/a><\/h3>\r\n\t\t\t<\/div>\r\n\t\t\t\t<div class=\"theimran-post-layout-one__blog-meta\">\r\n\t\t\t<ul>\r\n\t\t\t\t\t\t\t<\/ul>\r\n\t\t<\/div>\r\n\t\t<\/div><\/div><\/div><\/div>\t\t\t\t<\/div>\n\t\t\t\t<\/div>\n\t\t\t\t\t<\/div>\n\t\t\t\t<\/div>\n\t\t\t\t<\/div>\n\t\t","protected":false},"excerpt":{"rendered":"<p>Destaques ANS divulga n\u00fameros de benefici\u00e1rios do setor referentes a maio de 2024 Destaques ANS divulga 1\u00ba trimestre\/2024 do Monitoramento&hellip;<\/p>\n","protected":false},"author":1,"featured_media":0,"parent":0,"menu_order":0,"comment_status":"closed","ping_status":"closed","template":"elementor_canvas","meta":{"_monsterinsights_skip_tracking":false,"_monsterinsights_sitenote_active":false,"_monsterinsights_sitenote_note":"","_monsterinsights_sitenote_category":0,"footnotes":""},"class_list":["post-1704","page","type-page","status-publish","hentry"],"_links":{"self":[{"href":"https:\/\/blog.ferascor.com.br\/index.php?rest_route=\/wp\/v2\/pages\/1704","targetHints":{"allow":["GET"]}}],"collection":[{"href":"https:\/\/blog.ferascor.com.br\/index.php?rest_route=\/wp\/v2\/pages"}],"about":[{"href":"https:\/\/blog.ferascor.com.br\/index.php?rest_route=\/wp\/v2\/types\/page"}],"author":[{"embeddable":true,"href":"https:\/\/blog.ferascor.com.br\/index.php?rest_route=\/wp\/v2\/users\/1"}],"replies":[{"embeddable":true,"href":"https:\/\/blog.ferascor.com.br\/index.php?rest_route=%2Fwp%2Fv2%2Fcomments&post=1704"}],"version-history":[{"count":25,"href":"https:\/\/blog.ferascor.com.br\/index.php?rest_route=\/wp\/v2\/pages\/1704\/revisions"}],"predecessor-version":[{"id":3173,"href":"https:\/\/blog.ferascor.com.br\/index.php?rest_route=\/wp\/v2\/pages\/1704\/revisions\/3173"}],"wp:attachment":[{"href":"https:\/\/blog.ferascor.com.br\/index.php?rest_route=%2Fwp%2Fv2%2Fmedia&parent=1704"}],"curies":[{"name":"wp","href":"https:\/\/api.w.org\/{rel}","templated":true}]}}